{"id":14480,"date":"2023-05-31T12:26:08","date_gmt":"2023-05-31T10:26:08","guid":{"rendered":"https:\/\/www.commfides.com\/infosider\/"},"modified":"2026-03-06T16:45:41","modified_gmt":"2026-03-06T15:45:41","slug":"info-sider","status":"publish","type":"page","link":"https:\/\/www.commfides.com\/sv\/info-sider\/","title":{"rendered":"Informationssidor"},"content":{"rendered":"\t\t<div data-elementor-type=\"wp-page\" data-elementor-id=\"14480\" class=\"elementor elementor-14480 elementor-6089\" data-elementor-post-type=\"page\">\n\t\t\t\t\t\t<section class=\"elementor-section elementor-top-section elementor-element elementor-element-ec5478b elementor-section-boxed elementor-section-height-default elementor-section-height-default\" data-id=\"ec5478b\" data-element_type=\"section\" data-e-type=\"section\" data-settings=\"{&quot;background_background&quot;:&quot;classic&quot;}\">\n\t\t\t\t\t\t<div class=\"elementor-container elementor-column-gap-default\">\n\t\t\t\t\t<div class=\"elementor-column elementor-col-50 elementor-top-column elementor-element elementor-element-1fed2d85\" data-id=\"1fed2d85\" data-element_type=\"column\" data-e-type=\"column\">\n\t\t\t<div class=\"elementor-widget-wrap elementor-element-populated\">\n\t\t\t\t\t\t<div class=\"elementor-element elementor-element-4836839b elementor-widget elementor-widget-heading\" data-id=\"4836839b\" data-element_type=\"widget\" data-e-type=\"widget\" data-widget_type=\"heading.default\">\n\t\t\t\t<div class=\"elementor-widget-container\">\n\t\t\t\t\t<h1 class=\"elementor-heading-title elementor-size-default\">Aktuell<\/h1>\t\t\t\t<\/div>\n\t\t\t\t<\/div>\n\t\t\t\t<div class=\"elementor-element elementor-element-58ad4865 elementor-widget elementor-widget-heading\" data-id=\"58ad4865\" data-element_type=\"widget\" data-e-type=\"widget\" data-widget_type=\"heading.default\">\n\t\t\t\t<div class=\"elementor-widget-container\">\n\t\t\t\t\t<h2 class=\"elementor-heading-title elementor-size-default\">Information<\/h2>\t\t\t\t<\/div>\n\t\t\t\t<\/div>\n\t\t\t\t<div class=\"elementor-element elementor-element-39666d90 elementor-widget__width-initial elementor-widget elementor-widget-heading\" data-id=\"39666d90\" data-element_type=\"widget\" data-e-type=\"widget\" data-widget_type=\"heading.default\">\n\t\t\t\t<div class=\"elementor-widget-container\">\n\t\t\t\t\t<h2 class=\"elementor-heading-title elementor-size-default\">H\u00e4r hittar du uppdaterad och relevant information om de produkter och tj\u00e4nster vi erbjuder <\/h2>\t\t\t\t<\/div>\n\t\t\t\t<\/div>\n\t\t\t\t\t<\/div>\n\t\t<\/div>\n\t\t\t\t<div class=\"elementor-column elementor-col-50 elementor-top-column elementor-element elementor-element-382c7742\" data-id=\"382c7742\" data-element_type=\"column\" data-e-type=\"column\">\n\t\t\t<div class=\"elementor-widget-wrap elementor-element-populated\">\n\t\t\t\t\t\t<div class=\"elementor-element elementor-element-270c4444 elementor-widget elementor-widget-image\" data-id=\"270c4444\" data-element_type=\"widget\" data-e-type=\"widget\" data-widget_type=\"image.default\">\n\t\t\t\t<div class=\"elementor-widget-container\">\n\t\t\t\t\t\t\t\t\t\t\t\t\t\t\t<img fetchpriority=\"high\" decoding=\"async\" width=\"583\" height=\"679\" src=\"https:\/\/www.commfides.com\/wp-content\/uploads\/2021\/09\/Asset-176-8.png\" class=\"attachment-large size-large wp-image-14481\" alt=\"\" srcset=\"https:\/\/www.commfides.com\/wp-content\/uploads\/2021\/09\/Asset-176-8.png 583w, https:\/\/www.commfides.com\/wp-content\/uploads\/2021\/09\/Asset-176-8-300x349.png 300w, https:\/\/www.commfides.com\/wp-content\/uploads\/2021\/09\/Asset-176-8-258x300.png 258w\" sizes=\"(max-width: 583px) 100vw, 583px\" \/>\t\t\t\t\t\t\t\t\t\t\t\t\t\t\t<\/div>\n\t\t\t\t<\/div>\n\t\t\t\t\t<\/div>\n\t\t<\/div>\n\t\t\t\t\t<\/div>\n\t\t<\/section>\n\t\t\t\t<section class=\"elementor-section elementor-top-section elementor-element elementor-element-a9d6898 elementor-section-boxed elementor-section-height-default elementor-section-height-default\" data-id=\"a9d6898\" data-element_type=\"section\" data-e-type=\"section\" data-settings=\"{&quot;background_background&quot;:&quot;classic&quot;}\">\n\t\t\t\t\t\t<div class=\"elementor-container elementor-column-gap-default\">\n\t\t\t\t\t<div class=\"elementor-column elementor-col-100 elementor-top-column elementor-element elementor-element-eb380b3\" data-id=\"eb380b3\" data-element_type=\"column\" data-e-type=\"column\">\n\t\t\t<div class=\"elementor-widget-wrap elementor-element-populated\">\n\t\t\t\t\t\t<div class=\"elementor-element elementor-element-a2d723c elementor-widget elementor-widget-spacer\" data-id=\"a2d723c\" data-element_type=\"widget\" data-e-type=\"widget\" data-widget_type=\"spacer.default\">\n\t\t\t\t<div class=\"elementor-widget-container\">\n\t\t\t\t\t\t\t<div class=\"elementor-spacer\">\n\t\t\t<div class=\"elementor-spacer-inner\"><\/div>\n\t\t<\/div>\n\t\t\t\t\t\t<\/div>\n\t\t\t\t<\/div>\n\t\t\t\t<div class=\"elementor-element elementor-element-f925b8f elementor-widget__width-initial elementor-widget elementor-widget-heading\" data-id=\"f925b8f\" data-element_type=\"widget\" data-e-type=\"widget\" data-widget_type=\"heading.default\">\n\t\t\t\t<div class=\"elementor-widget-container\">\n\t\t\t\t\t<h2 class=\"elementor-heading-title elementor-size-default\">Branschf\u00f6r\u00e4ndringar, nyheter och certifikatpolicy<\/h2>\t\t\t\t<\/div>\n\t\t\t\t<\/div>\n\t\t\t\t\t<\/div>\n\t\t<\/div>\n\t\t\t\t\t<\/div>\n\t\t<\/section>\n\t\t\t\t<section class=\"elementor-section elementor-top-section elementor-element elementor-element-e73c98e elementor-section-boxed elementor-section-height-default elementor-section-height-default\" data-id=\"e73c98e\" data-element_type=\"section\" data-e-type=\"section\" data-settings=\"{&quot;background_background&quot;:&quot;classic&quot;}\">\n\t\t\t\t\t\t<div class=\"elementor-container elementor-column-gap-default\">\n\t\t\t\t\t<div class=\"elementor-column elementor-col-100 elementor-top-column elementor-element elementor-element-e71c77c\" data-id=\"e71c77c\" data-element_type=\"column\" data-e-type=\"column\">\n\t\t\t<div class=\"elementor-widget-wrap elementor-element-populated\">\n\t\t\t\t\t\t<div class=\"elementor-element elementor-element-738c52c elementor-widget elementor-widget-text-editor\" data-id=\"738c52c\" data-element_type=\"widget\" data-e-type=\"widget\" data-widget_type=\"text-editor.default\">\n\t\t\t\t<div class=\"elementor-widget-container\">\n\t\t\t\t\t\t\t\t\t<p><a href=\"https:\/\/www.commfides.com\/ssl-kortere-levetid\/\">Kortare livsl\u00e4ngd f\u00f6r SSL\/TLS-certifikat fr\u00e5n 15 mars 2026 <\/a><\/p><p><a href=\"https:\/\/www.commfides.com\/commfides-satser-pa-ssl-tls-sertifikater\/\">Vi st\u00e4rker v\u00e5r satsning p\u00e5 SSL\/TLS-certifikater<\/a><\/p><p><a href=\"https:\/\/www.commfides.com\/informasjon-om-seid-2-0\/\">Information om \u00f6verg\u00e5ngen till SEID 2.0<\/a><\/p><p><a href=\"https:\/\/www.commfides.com\/sertifikatpolicy\/\">Certifikatpolicy G1 och G2<\/a><\/p><p><a href=\"https:\/\/www.commfides.com\/sv\/cps\/\">Certifikatpolicy G3<\/a><\/p><p><a href=\"https:\/\/www.commfides.com\/sv\/crl\/\">CRL<\/a><\/p><p><a href=\"https:\/\/www.commfides.com\/sv\/crltest\/\">CRL-test<\/a><\/p><p><a href=\"https:\/\/www.commfides.com\/tofaktorautentisering\/\">Tv\u00e5faktorsautentisering<\/a><\/p>\t\t\t\t\t\t\t\t<\/div>\n\t\t\t\t<\/div>\n\t\t\t\t\t<\/div>\n\t\t<\/div>\n\t\t\t\t\t<\/div>\n\t\t<\/section>\n\t\t\t\t<section class=\"elementor-section elementor-top-section elementor-element elementor-element-ec11dfd elementor-section-boxed elementor-section-height-default elementor-section-height-default\" data-id=\"ec11dfd\" data-element_type=\"section\" data-e-type=\"section\" data-settings=\"{&quot;background_background&quot;:&quot;classic&quot;}\">\n\t\t\t\t\t\t<div class=\"elementor-container elementor-column-gap-default\">\n\t\t\t\t\t<div class=\"elementor-column elementor-col-100 elementor-top-column elementor-element elementor-element-087f4a1\" data-id=\"087f4a1\" data-element_type=\"column\" data-e-type=\"column\">\n\t\t\t<div class=\"elementor-widget-wrap elementor-element-populated\">\n\t\t\t\t\t\t<div class=\"elementor-element elementor-element-30c6503 elementor-widget elementor-widget-spacer\" data-id=\"30c6503\" data-element_type=\"widget\" data-e-type=\"widget\" data-widget_type=\"spacer.default\">\n\t\t\t\t<div class=\"elementor-widget-container\">\n\t\t\t\t\t\t\t<div class=\"elementor-spacer\">\n\t\t\t<div class=\"elementor-spacer-inner\"><\/div>\n\t\t<\/div>\n\t\t\t\t\t\t<\/div>\n\t\t\t\t<\/div>\n\t\t\t\t\t<\/div>\n\t\t<\/div>\n\t\t\t\t\t<\/div>\n\t\t<\/section>\n\t\t\t\t<\/div>\n\t\t","protected":false},"excerpt":{"rendered":"<p>Aktuell Information H\u00e4r hittar du uppdaterad och relevant information om de produkter och tj\u00e4nster vi erbjuder Branschf\u00f6r\u00e4ndringar, nyheter och certifikatpolicy Kortare livsl\u00e4ngd f\u00f6r SSL\/TLS-certifikat fr\u00e5n 15 mars 2026 Vi st\u00e4rker v\u00e5r satsning p\u00e5 SSL\/TLS-certifikater Information om \u00f6verg\u00e5ngen till SEID 2.0 Certifikatpolicy G1 och G2 Certifikatpolicy G3 CRL CRL-test Tv\u00e5faktorsautentisering<\/p>\n","protected":false},"author":2,"featured_media":0,"parent":0,"menu_order":0,"comment_status":"closed","ping_status":"closed","template":"","meta":{"site-sidebar-layout":"no-sidebar","site-content-layout":"page-builder","ast-site-content-layout":"full-width-container","site-content-style":"unboxed","site-sidebar-style":"unboxed","ast-global-header-display":"","ast-banner-title-visibility":"","ast-main-header-display":"","ast-hfb-above-header-display":"","ast-hfb-below-header-display":"","ast-hfb-mobile-header-display":"","site-post-title":"disabled","ast-breadcrumbs-content":"","ast-featured-img":"disabled","footer-sml-layout":"","ast-disable-related-posts":"","theme-transparent-header-meta":"default","adv-header-id-meta":"","stick-header-meta":"","header-above-stick-meta":"","header-main-stick-meta":"","header-below-stick-meta":"","astra-migrate-meta-layouts":"default","ast-page-background-enabled":"default","ast-page-background-meta":{"desktop":{"background-color":"var(--ast-global-color-4)","background-image":"","background-repeat":"repeat","background-position":"center center","background-size":"auto","background-attachment":"scroll","background-type":"","background-media":"","overlay-type":"","overlay-color":"","overlay-opacity":"","overlay-gradient":""},"tablet":{"background-color":"","background-image":"","background-repeat":"repeat","background-position":"center center","background-size":"auto","background-attachment":"scroll","background-type":"","background-media":"","overlay-type":"","overlay-color":"","overlay-opacity":"","overlay-gradient":""},"mobile":{"background-color":"","background-image":"","background-repeat":"repeat","background-position":"center center","background-size":"auto","background-attachment":"scroll","background-type":"","background-media":"","overlay-type":"","overlay-color":"","overlay-opacity":"","overlay-gradient":""}},"ast-content-background-meta":{"desktop":{"background-color":"var(--ast-global-color-5)","background-image":"","background-repeat":"repeat","background-position":"center center","background-size":"auto","background-attachment":"scroll","background-type":"","background-media":"","overlay-type":"","overlay-color":"","overlay-opacity":"","overlay-gradient":""},"tablet":{"background-color":"var(--ast-global-color-5)","background-image":"","background-repeat":"repeat","background-position":"center center","background-size":"auto","background-attachment":"scroll","background-type":"","background-media":"","overlay-type":"","overlay-color":"","overlay-opacity":"","overlay-gradient":""},"mobile":{"background-color":"var(--ast-global-color-5)","background-image":"","background-repeat":"repeat","background-position":"center center","background-size":"auto","background-attachment":"scroll","background-type":"","background-media":"","overlay-type":"","overlay-color":"","overlay-opacity":"","overlay-gradient":""}},"footnotes":""},"class_list":["post-14480","page","type-page","status-publish","hentry"],"yoast_head":"<!-- This site is optimized with the Yoast SEO plugin v27.2 - https:\/\/yoast.com\/product\/yoast-seo-wordpress\/ -->\n<title>Informationssidor Commfides Norge AS<\/title>\n<meta name=\"robots\" content=\"index, follow, max-snippet:-1, max-image-preview:large, max-video-preview:-1\" \/>\n<link rel=\"canonical\" href=\"https:\/\/www.commfides.com\/sv\/info-sider\/\" \/>\n<meta property=\"og:locale\" content=\"sv_SE\" \/>\n<meta property=\"og:type\" content=\"article\" \/>\n<meta property=\"og:title\" content=\"Informationssidor Commfides Norge AS\" \/>\n<meta property=\"og:description\" content=\"Aktuell Information H\u00e4r hittar du uppdaterad och relevant information om de produkter och tj\u00e4nster vi erbjuder Branschf\u00f6r\u00e4ndringar, nyheter och certifikatpolicy Kortare livsl\u00e4ngd f\u00f6r SSL\/TLS-certifikat fr\u00e5n 15 mars 2026 Vi st\u00e4rker v\u00e5r satsning p\u00e5 SSL\/TLS-certifikater Information om \u00f6verg\u00e5ngen till SEID 2.0 Certifikatpolicy G1 och G2 Certifikatpolicy G3 CRL CRL-test Tv\u00e5faktorsautentisering\" \/>\n<meta property=\"og:url\" content=\"https:\/\/www.commfides.com\/sv\/info-sider\/\" \/>\n<meta property=\"og:site_name\" content=\"Commfides Norge AS\" \/>\n<meta property=\"article:modified_time\" content=\"2026-03-06T15:45:41+00:00\" \/>\n<meta property=\"og:image\" content=\"https:\/\/www.commfides.com\/wp-content\/uploads\/2021\/09\/Asset-176-8.png\" \/>\n\t<meta property=\"og:image:width\" content=\"583\" \/>\n\t<meta property=\"og:image:height\" content=\"679\" \/>\n\t<meta property=\"og:image:type\" content=\"image\/png\" \/>\n<meta name=\"twitter:card\" content=\"summary_large_image\" \/>\n<script type=\"application\/ld+json\" class=\"yoast-schema-graph\">{\"@context\":\"https:\/\/schema.org\",\"@graph\":[{\"@type\":\"WebPage\",\"@id\":\"https:\/\/www.commfides.com\/sv\/info-sider\/\",\"url\":\"https:\/\/www.commfides.com\/sv\/info-sider\/\",\"name\":\"Informationssidor Commfides Norge AS\",\"isPartOf\":{\"@id\":\"https:\/\/www.commfides.com\/sv\/#website\"},\"primaryImageOfPage\":{\"@id\":\"https:\/\/www.commfides.com\/sv\/info-sider\/#primaryimage\"},\"image\":{\"@id\":\"https:\/\/www.commfides.com\/sv\/info-sider\/#primaryimage\"},\"thumbnailUrl\":\"https:\/\/www.commfides.com\/wp-content\/uploads\/2021\/09\/Asset-176-8.png\",\"datePublished\":\"2023-05-31T10:26:08+00:00\",\"dateModified\":\"2026-03-06T15:45:41+00:00\",\"breadcrumb\":{\"@id\":\"https:\/\/www.commfides.com\/sv\/info-sider\/#breadcrumb\"},\"inLanguage\":\"sv-SE\",\"potentialAction\":[{\"@type\":\"ReadAction\",\"target\":[\"https:\/\/www.commfides.com\/sv\/info-sider\/\"]}]},{\"@type\":\"ImageObject\",\"inLanguage\":\"sv-SE\",\"@id\":\"https:\/\/www.commfides.com\/sv\/info-sider\/#primaryimage\",\"url\":\"https:\/\/www.commfides.com\/wp-content\/uploads\/2021\/09\/Asset-176-8.png\",\"contentUrl\":\"https:\/\/www.commfides.com\/wp-content\/uploads\/2021\/09\/Asset-176-8.png\"},{\"@type\":\"BreadcrumbList\",\"@id\":\"https:\/\/www.commfides.com\/sv\/info-sider\/#breadcrumb\",\"itemListElement\":[{\"@type\":\"ListItem\",\"position\":1,\"name\":\"Home\",\"item\":\"https:\/\/www.commfides.com\/sv\/\"},{\"@type\":\"ListItem\",\"position\":2,\"name\":\"Informationssidor\"}]},{\"@type\":\"WebSite\",\"@id\":\"https:\/\/www.commfides.com\/sv\/#website\",\"url\":\"https:\/\/www.commfides.com\/sv\/\",\"name\":\"Commfides Norge AS\",\"description\":\"\",\"publisher\":{\"@id\":\"https:\/\/www.commfides.com\/sv\/#organization\"},\"potentialAction\":[{\"@type\":\"SearchAction\",\"target\":{\"@type\":\"EntryPoint\",\"urlTemplate\":\"https:\/\/www.commfides.com\/sv\/?s={search_term_string}\"},\"query-input\":{\"@type\":\"PropertyValueSpecification\",\"valueRequired\":true,\"valueName\":\"search_term_string\"}}],\"inLanguage\":\"sv-SE\"},{\"@type\":\"Organization\",\"@id\":\"https:\/\/www.commfides.com\/sv\/#organization\",\"name\":\"Commfides Norge AS\",\"url\":\"https:\/\/www.commfides.com\/sv\/\",\"logo\":{\"@type\":\"ImageObject\",\"inLanguage\":\"sv-SE\",\"@id\":\"https:\/\/www.commfides.com\/sv\/#\/schema\/logo\/image\/\",\"url\":\"https:\/\/www.commfides.com\/wp-content\/uploads\/2023\/05\/Commfides_logo_white-_background_1200x627.png\",\"contentUrl\":\"https:\/\/www.commfides.com\/wp-content\/uploads\/2023\/05\/Commfides_logo_white-_background_1200x627.png\",\"width\":1200,\"height\":627,\"caption\":\"Commfides Norge AS\"},\"image\":{\"@id\":\"https:\/\/www.commfides.com\/sv\/#\/schema\/logo\/image\/\"}}]}<\/script>\n<!-- \/ Yoast SEO plugin. -->","yoast_head_json":{"title":"Informationssidor Commfides Norge AS","robots":{"index":"index","follow":"follow","max-snippet":"max-snippet:-1","max-image-preview":"max-image-preview:large","max-video-preview":"max-video-preview:-1"},"canonical":"https:\/\/www.commfides.com\/sv\/info-sider\/","og_locale":"sv_SE","og_type":"article","og_title":"Informationssidor Commfides Norge AS","og_description":"Aktuell Information H\u00e4r hittar du uppdaterad och relevant information om de produkter och tj\u00e4nster vi erbjuder Branschf\u00f6r\u00e4ndringar, nyheter och certifikatpolicy Kortare livsl\u00e4ngd f\u00f6r SSL\/TLS-certifikat fr\u00e5n 15 mars 2026 Vi st\u00e4rker v\u00e5r satsning p\u00e5 SSL\/TLS-certifikater Information om \u00f6verg\u00e5ngen till SEID 2.0 Certifikatpolicy G1 och G2 Certifikatpolicy G3 CRL CRL-test Tv\u00e5faktorsautentisering","og_url":"https:\/\/www.commfides.com\/sv\/info-sider\/","og_site_name":"Commfides Norge AS","article_modified_time":"2026-03-06T15:45:41+00:00","og_image":[{"width":583,"height":679,"url":"https:\/\/www.commfides.com\/wp-content\/uploads\/2021\/09\/Asset-176-8.png","type":"image\/png"}],"twitter_card":"summary_large_image","schema":{"@context":"https:\/\/schema.org","@graph":[{"@type":"WebPage","@id":"https:\/\/www.commfides.com\/sv\/info-sider\/","url":"https:\/\/www.commfides.com\/sv\/info-sider\/","name":"Informationssidor Commfides Norge AS","isPartOf":{"@id":"https:\/\/www.commfides.com\/sv\/#website"},"primaryImageOfPage":{"@id":"https:\/\/www.commfides.com\/sv\/info-sider\/#primaryimage"},"image":{"@id":"https:\/\/www.commfides.com\/sv\/info-sider\/#primaryimage"},"thumbnailUrl":"https:\/\/www.commfides.com\/wp-content\/uploads\/2021\/09\/Asset-176-8.png","datePublished":"2023-05-31T10:26:08+00:00","dateModified":"2026-03-06T15:45:41+00:00","breadcrumb":{"@id":"https:\/\/www.commfides.com\/sv\/info-sider\/#breadcrumb"},"inLanguage":"sv-SE","potentialAction":[{"@type":"ReadAction","target":["https:\/\/www.commfides.com\/sv\/info-sider\/"]}]},{"@type":"ImageObject","inLanguage":"sv-SE","@id":"https:\/\/www.commfides.com\/sv\/info-sider\/#primaryimage","url":"https:\/\/www.commfides.com\/wp-content\/uploads\/2021\/09\/Asset-176-8.png","contentUrl":"https:\/\/www.commfides.com\/wp-content\/uploads\/2021\/09\/Asset-176-8.png"},{"@type":"BreadcrumbList","@id":"https:\/\/www.commfides.com\/sv\/info-sider\/#breadcrumb","itemListElement":[{"@type":"ListItem","position":1,"name":"Home","item":"https:\/\/www.commfides.com\/sv\/"},{"@type":"ListItem","position":2,"name":"Informationssidor"}]},{"@type":"WebSite","@id":"https:\/\/www.commfides.com\/sv\/#website","url":"https:\/\/www.commfides.com\/sv\/","name":"Commfides Norge AS","description":"","publisher":{"@id":"https:\/\/www.commfides.com\/sv\/#organization"},"potentialAction":[{"@type":"SearchAction","target":{"@type":"EntryPoint","urlTemplate":"https:\/\/www.commfides.com\/sv\/?s={search_term_string}"},"query-input":{"@type":"PropertyValueSpecification","valueRequired":true,"valueName":"search_term_string"}}],"inLanguage":"sv-SE"},{"@type":"Organization","@id":"https:\/\/www.commfides.com\/sv\/#organization","name":"Commfides Norge AS","url":"https:\/\/www.commfides.com\/sv\/","logo":{"@type":"ImageObject","inLanguage":"sv-SE","@id":"https:\/\/www.commfides.com\/sv\/#\/schema\/logo\/image\/","url":"https:\/\/www.commfides.com\/wp-content\/uploads\/2023\/05\/Commfides_logo_white-_background_1200x627.png","contentUrl":"https:\/\/www.commfides.com\/wp-content\/uploads\/2023\/05\/Commfides_logo_white-_background_1200x627.png","width":1200,"height":627,"caption":"Commfides Norge AS"},"image":{"@id":"https:\/\/www.commfides.com\/sv\/#\/schema\/logo\/image\/"}}]}},"_links":{"self":[{"href":"https:\/\/www.commfides.com\/sv\/wp-json\/wp\/v2\/pages\/14480","targetHints":{"allow":["GET"]}}],"collection":[{"href":"https:\/\/www.commfides.com\/sv\/wp-json\/wp\/v2\/pages"}],"about":[{"href":"https:\/\/www.commfides.com\/sv\/wp-json\/wp\/v2\/types\/page"}],"author":[{"embeddable":true,"href":"https:\/\/www.commfides.com\/sv\/wp-json\/wp\/v2\/users\/2"}],"replies":[{"embeddable":true,"href":"https:\/\/www.commfides.com\/sv\/wp-json\/wp\/v2\/comments?post=14480"}],"version-history":[{"count":9,"href":"https:\/\/www.commfides.com\/sv\/wp-json\/wp\/v2\/pages\/14480\/revisions"}],"predecessor-version":[{"id":14611,"href":"https:\/\/www.commfides.com\/sv\/wp-json\/wp\/v2\/pages\/14480\/revisions\/14611"}],"wp:attachment":[{"href":"https:\/\/www.commfides.com\/sv\/wp-json\/wp\/v2\/media?parent=14480"}],"curies":[{"name":"wp","href":"https:\/\/api.w.org\/{rel}","templated":true}]}}