{"id":14384,"date":"2023-05-10T13:00:44","date_gmt":"2023-05-10T11:00:44","guid":{"rendered":"https:\/\/www.commfides.com\/crltest\/"},"modified":"2026-03-05T11:45:56","modified_gmt":"2026-03-05T10:45:56","slug":"crltest","status":"publish","type":"page","link":"https:\/\/www.commfides.com\/sv\/crltest\/","title":{"rendered":"CRL-test"},"content":{"rendered":"\t\t<div data-elementor-type=\"wp-page\" data-elementor-id=\"14384\" class=\"elementor elementor-14384 elementor-4533\" data-elementor-post-type=\"page\">\n\t\t\t\t\t\t<section class=\"elementor-section elementor-top-section elementor-element elementor-element-bc1d3ed elementor-section-boxed elementor-section-height-default elementor-section-height-default\" data-id=\"bc1d3ed\" data-element_type=\"section\" data-e-type=\"section\" data-settings=\"{&quot;background_background&quot;:&quot;classic&quot;}\">\n\t\t\t\t\t\t<div class=\"elementor-container elementor-column-gap-default\">\n\t\t\t\t\t<div class=\"elementor-column elementor-col-100 elementor-top-column elementor-element elementor-element-a0bf433\" data-id=\"a0bf433\" data-element_type=\"column\" data-e-type=\"column\">\n\t\t\t<div class=\"elementor-widget-wrap elementor-element-populated\">\n\t\t\t\t\t\t<div class=\"elementor-element elementor-element-7b1bab7 elementor-widget elementor-widget-heading\" data-id=\"7b1bab7\" data-element_type=\"widget\" data-e-type=\"widget\" data-widget_type=\"heading.default\">\n\t\t\t\t<div class=\"elementor-widget-container\">\n\t\t\t\t\t<h1 class=\"elementor-heading-title elementor-size-default\">Test - CRL \/ \u00e5terkallningslistor och certifikat<\/h1>\t\t\t\t<\/div>\n\t\t\t\t<\/div>\n\t\t\t\t<div class=\"elementor-element elementor-element-96f8098 elementor-widget elementor-widget-text-editor\" data-id=\"96f8098\" data-element_type=\"widget\" data-e-type=\"widget\" data-widget_type=\"text-editor.default\">\n\t\t\t\t<div class=\"elementor-widget-container\">\n\t\t\t\t\t\t\t\t\t<p>\u00c5terkallningslistorna uppdateras varje timme och \u00e4r giltiga i 6 dagar.<br><\/p>\t\t\t\t\t\t\t\t<\/div>\n\t\t\t\t<\/div>\n\t\t\t\t\t<\/div>\n\t\t<\/div>\n\t\t\t\t\t<\/div>\n\t\t<\/section>\n\t\t\t\t<section class=\"elementor-section elementor-top-section elementor-element elementor-element-7087e55 elementor-section-boxed elementor-section-height-default elementor-section-height-default\" data-id=\"7087e55\" data-element_type=\"section\" data-e-type=\"section\">\n\t\t\t\t\t\t<div class=\"elementor-container elementor-column-gap-default\">\n\t\t\t\t\t<div class=\"elementor-column elementor-col-50 elementor-top-column elementor-element elementor-element-603b36b\" data-id=\"603b36b\" data-element_type=\"column\" data-e-type=\"column\">\n\t\t\t<div class=\"elementor-widget-wrap elementor-element-populated\">\n\t\t\t\t\t\t<div class=\"elementor-element elementor-element-658ba3e elementor-widget elementor-widget-heading\" data-id=\"658ba3e\" data-element_type=\"widget\" data-e-type=\"widget\" data-widget_type=\"heading.default\">\n\t\t\t\t<div class=\"elementor-widget-container\">\n\t\t\t\t\t<h2 class=\"elementor-heading-title elementor-size-default\">\nG2 Test - CRL \/ \u00c5terkallelselistor:<\/h2>\t\t\t\t<\/div>\n\t\t\t\t<\/div>\n\t\t\t\t<div class=\"elementor-element elementor-element-870eb1e elementor-widget elementor-widget-text-editor\" data-id=\"870eb1e\" data-element_type=\"widget\" data-e-type=\"widget\" data-widget_type=\"text-editor.default\">\n\t\t\t\t<div class=\"elementor-widget-container\">\n\t\t\t\t\t\t\t\t\t<ul><li><a href=\"https:\/\/crl1.test.commfides.com\/CommfidesEnterprise-SHA256.crl\">CPN Enterprise-Norwegian SHA256 CA<\/a><\/li><li><a href=\"https:\/\/crl1.test.commfides.com\/CommfidesPerson-High-SHA256.crl\">CPN Person-H\u00f6g SHA256 CA<\/a><\/li><li><a href=\"https:\/\/crl1.test.commfides.com\/CommfidesPerson-Standard-SHA256.crl\">CPN Person-standard SHA256 CA<\/a><\/li><li><a href=\"https:\/\/crl1.test.commfides.com\/CommfidesMisc-SHA256.crl\">CPN \u00d6vrigt SHA256 CA<\/a><\/li><li><a href=\"https:\/\/crl1.test.commfides.com\/CommfidesMobile-SHA256.crl\">CPN Mobil SHA256 CA<\/a><\/li><li><a href=\"https:\/\/crl1.test.commfides.com\/CommfidesRoot-SHA256.crl\">CPN rot SHA256 CA<\/a><\/li><\/ul>\t\t\t\t\t\t\t\t<\/div>\n\t\t\t\t<\/div>\n\t\t\t\t\t<\/div>\n\t\t<\/div>\n\t\t\t\t<div class=\"elementor-column elementor-col-50 elementor-top-column elementor-element elementor-element-86b8054\" data-id=\"86b8054\" data-element_type=\"column\" data-e-type=\"column\">\n\t\t\t<div class=\"elementor-widget-wrap elementor-element-populated\">\n\t\t\t\t\t\t<div class=\"elementor-element elementor-element-a5a1b0a elementor-widget elementor-widget-heading\" data-id=\"a5a1b0a\" data-element_type=\"widget\" data-e-type=\"widget\" data-widget_type=\"heading.default\">\n\t\t\t\t<div class=\"elementor-widget-container\">\n\t\t\t\t\t<h2 class=\"elementor-heading-title elementor-size-default\">G2 Test - Certifikat:<\/h2>\t\t\t\t<\/div>\n\t\t\t\t<\/div>\n\t\t\t\t<div class=\"elementor-element elementor-element-820cb70 elementor-widget elementor-widget-text-editor\" data-id=\"820cb70\" data-element_type=\"widget\" data-e-type=\"widget\" data-widget_type=\"text-editor.default\">\n\t\t\t\t<div class=\"elementor-widget-container\">\n\t\t\t\t\t\t\t\t\t<ul><li><a href=\"https:\/\/crt.test.commfides.com\/CommfidesEnterprise-SHA256.crt\">CPN Enterprise-Norwegian SHA256 CA<\/a><\/li><li><a href=\"https:\/\/crt.test.commfides.com\/CommfidesPersonHigh-SHA256.crt\">CPN Person-H\u00f6g SHA256 CA<\/a><\/li><li><a href=\"https:\/\/crt.test.commfides.com\/CommfidesPerson-Standard-SHA256.crt\">CPN Person-standard SHA256 CA<\/a><\/li><li><a href=\"https:\/\/crt.test.commfides.com\/CommfidesMisc-SHA256.crt\">CPN \u00d6vrigt SHA256 CA<\/a><\/li><li><a href=\"https:\/\/crt.test.commfides.com\/CommfidesMobile-SHA256.crt\">CPN Mobil SHA256 CA<\/a><\/li><li><a href=\"https:\/\/crt.test.commfides.com\/CommfidesRoot-SHA256.crt\">CPN rot SHA256 CA<\/a><\/li><\/ul>\t\t\t\t\t\t\t\t<\/div>\n\t\t\t\t<\/div>\n\t\t\t\t\t<\/div>\n\t\t<\/div>\n\t\t\t\t\t<\/div>\n\t\t<\/section>\n\t\t\t\t<section class=\"elementor-section elementor-top-section elementor-element elementor-element-3172b05 elementor-section-boxed elementor-section-height-default elementor-section-height-default\" data-id=\"3172b05\" data-element_type=\"section\" data-e-type=\"section\">\n\t\t\t\t\t\t<div class=\"elementor-container elementor-column-gap-default\">\n\t\t\t\t\t<div class=\"elementor-column elementor-col-50 elementor-top-column elementor-element elementor-element-9b9be4f\" data-id=\"9b9be4f\" data-element_type=\"column\" data-e-type=\"column\">\n\t\t\t<div class=\"elementor-widget-wrap elementor-element-populated\">\n\t\t\t\t\t\t<div class=\"elementor-element elementor-element-8ab2444 elementor-widget elementor-widget-heading\" data-id=\"8ab2444\" data-element_type=\"widget\" data-e-type=\"widget\" data-widget_type=\"heading.default\">\n\t\t\t\t<div class=\"elementor-widget-container\">\n\t\t\t\t\t<h2 class=\"elementor-heading-title elementor-size-default\">G3 Test - CRL \/ \u00c5terkallelse listor:<\/h2>\t\t\t\t<\/div>\n\t\t\t\t<\/div>\n\t\t\t\t<div class=\"elementor-element elementor-element-4e9feeb elementor-widget elementor-widget-text-editor\" data-id=\"4e9feeb\" data-element_type=\"widget\" data-e-type=\"widget\" data-widget_type=\"text-editor.default\">\n\t\t\t\t<div class=\"elementor-widget-container\">\n\t\t\t\t\t\t\t\t\t<ul><li><a href=\"https:\/\/crl.test.commfides.com\/G3\/CommfidesLegalPersonCA-G3-TEST.crl\">Juridisk person &#8211; G3 &#8211; TEST<\/a><\/li><li><a href=\"https:\/\/crl.test.commfides.com\/G3\/CommfidesNaturalPersonCA-G3-TEST.crl\">Fysisk person &#8211; G3 &#8211; TEST<\/a><\/li><li><a href=\"https:\/\/crl.test.commfides.com\/G3\/CommfidesMISCCA-G3-TEST.crl\">DIVERSE &#8211; G3 &#8211; TEST<\/a><\/li><li><a href=\"https:\/\/crl.test.commfides.com\/G3\/CommfidesRootCA-G3-TEST.crl\">Root CA &#8211; G3 &#8211; TEST<\/a><\/li><\/ul>\t\t\t\t\t\t\t\t<\/div>\n\t\t\t\t<\/div>\n\t\t\t\t\t<\/div>\n\t\t<\/div>\n\t\t\t\t<div class=\"elementor-column elementor-col-50 elementor-top-column elementor-element elementor-element-818a888\" data-id=\"818a888\" data-element_type=\"column\" data-e-type=\"column\">\n\t\t\t<div class=\"elementor-widget-wrap elementor-element-populated\">\n\t\t\t\t\t\t<div class=\"elementor-element elementor-element-36ba31f elementor-widget elementor-widget-heading\" data-id=\"36ba31f\" data-element_type=\"widget\" data-e-type=\"widget\" data-widget_type=\"heading.default\">\n\t\t\t\t<div class=\"elementor-widget-container\">\n\t\t\t\t\t<h2 class=\"elementor-heading-title elementor-size-default\">G3 Test - Certifikat:<\/h2>\t\t\t\t<\/div>\n\t\t\t\t<\/div>\n\t\t\t\t<div class=\"elementor-element elementor-element-69256fb elementor-widget elementor-widget-text-editor\" data-id=\"69256fb\" data-element_type=\"widget\" data-e-type=\"widget\" data-widget_type=\"text-editor.default\">\n\t\t\t\t<div class=\"elementor-widget-container\">\n\t\t\t\t\t\t\t\t\t<ul><li><a href=\"https:\/\/crt.test.commfides.com\/G3\/CommfidesLegalPersonCA-G3-TEST.crt\">Juridisk person &#8211; G3 &#8211; TEST<\/a><\/li><li><a href=\"https:\/\/crt.test.commfides.com\/G3\/CommfidesNaturalPersonCA-G3-TEST.crt\">Fysisk person &#8211; G3 &#8211; TEST<\/a><\/li><li><a href=\"https:\/\/crt.test.commfides.com\/G3\/CommfidesMISCCA-G3-TEST.crt\">DIVERSE &#8211; G3 &#8211; TEST<\/a><\/li><li><a href=\"https:\/\/crt.test.commfides.com\/G3\/CommfidesRootCA-G3-TEST.crt\">Root CA &#8211; G3 &#8211; TEST<\/a><\/li><\/ul>\t\t\t\t\t\t\t\t<\/div>\n\t\t\t\t<\/div>\n\t\t\t\t\t<\/div>\n\t\t<\/div>\n\t\t\t\t\t<\/div>\n\t\t<\/section>\n\t\t\t\t<section class=\"elementor-section elementor-top-section elementor-element elementor-element-873a8ab elementor-section-boxed elementor-section-height-default elementor-section-height-default\" data-id=\"873a8ab\" data-element_type=\"section\" data-e-type=\"section\">\n\t\t\t\t\t\t<div class=\"elementor-container elementor-column-gap-default\">\n\t\t\t\t\t<div class=\"elementor-column elementor-col-100 elementor-top-column elementor-element elementor-element-1306055\" data-id=\"1306055\" data-element_type=\"column\" data-e-type=\"column\">\n\t\t\t<div class=\"elementor-widget-wrap\">\n\t\t\t\t\t\t\t<\/div>\n\t\t<\/div>\n\t\t\t\t\t<\/div>\n\t\t<\/section>\n\t\t\t\t<section class=\"elementor-section elementor-top-section elementor-element elementor-element-7f5983b elementor-section-full_width elementor-section-height-default elementor-section-height-default\" data-id=\"7f5983b\" data-element_type=\"section\" data-e-type=\"section\">\n\t\t\t\t\t\t<div class=\"elementor-container elementor-column-gap-default\">\n\t\t\t\t\t<div class=\"elementor-column elementor-col-100 elementor-top-column elementor-element elementor-element-1c8ff68\" data-id=\"1c8ff68\" data-element_type=\"column\" data-e-type=\"column\">\n\t\t\t<div class=\"elementor-widget-wrap elementor-element-populated\">\n\t\t\t\t\t\t\t<\/div>\n\t\t<\/div>\n\t\t\t\t\t<\/div>\n\t\t<\/section>\n\t\t\t\t<\/div>\n\t\t","protected":false},"excerpt":{"rendered":"<p>Test &#8211; CRL \/ \u00e5terkallningslistor och certifikat \u00c5terkallningslistorna uppdateras varje timme och \u00e4r giltiga i 6 dagar. G2 Test &#8211; CRL \/ \u00c5terkallelselistor: CPN Enterprise-Norwegian SHA256 CA CPN Person-H\u00f6g SHA256 CA CPN Person-standard SHA256 CA CPN \u00d6vrigt SHA256 CA CPN Mobil SHA256 CA CPN rot SHA256 CA G2 Test &#8211; Certifikat: CPN Enterprise-Norwegian SHA256 CA [&hellip;]<\/p>\n","protected":false},"author":2,"featured_media":0,"parent":0,"menu_order":0,"comment_status":"closed","ping_status":"closed","template":"","meta":{"site-sidebar-layout":"no-sidebar","site-content-layout":"page-builder","ast-site-content-layout":"default","site-content-style":"default","site-sidebar-style":"default","ast-global-header-display":"","ast-banner-title-visibility":"","ast-main-header-display":"","ast-hfb-above-header-display":"","ast-hfb-below-header-display":"","ast-hfb-mobile-header-display":"","site-post-title":"disabled","ast-breadcrumbs-content":"","ast-featured-img":"disabled","footer-sml-layout":"","ast-disable-related-posts":"","theme-transparent-header-meta":"default","adv-header-id-meta":"","stick-header-meta":"","header-above-stick-meta":"","header-main-stick-meta":"","header-below-stick-meta":"","astra-migrate-meta-layouts":"default","ast-page-background-enabled":"default","ast-page-background-meta":{"desktop":{"background-color":"var(--ast-global-color-4)","background-image":"","background-repeat":"repeat","background-position":"center center","background-size":"auto","background-attachment":"scroll","background-type":"","background-media":"","overlay-type":"","overlay-color":"","overlay-opacity":"","overlay-gradient":""},"tablet":{"background-color":"","background-image":"","background-repeat":"repeat","background-position":"center center","background-size":"auto","background-attachment":"scroll","background-type":"","background-media":"","overlay-type":"","overlay-color":"","overlay-opacity":"","overlay-gradient":""},"mobile":{"background-color":"","background-image":"","background-repeat":"repeat","background-position":"center center","background-size":"auto","background-attachment":"scroll","background-type":"","background-media":"","overlay-type":"","overlay-color":"","overlay-opacity":"","overlay-gradient":""}},"ast-content-background-meta":{"desktop":{"background-color":"var(--ast-global-color-5)","background-image":"","background-repeat":"repeat","background-position":"center center","background-size":"auto","background-attachment":"scroll","background-type":"","background-media":"","overlay-type":"","overlay-color":"","overlay-opacity":"","overlay-gradient":""},"tablet":{"background-color":"var(--ast-global-color-5)","background-image":"","background-repeat":"repeat","background-position":"center center","background-size":"auto","background-attachment":"scroll","background-type":"","background-media":"","overlay-type":"","overlay-color":"","overlay-opacity":"","overlay-gradient":""},"mobile":{"background-color":"var(--ast-global-color-5)","background-image":"","background-repeat":"repeat","background-position":"center center","background-size":"auto","background-attachment":"scroll","background-type":"","background-media":"","overlay-type":"","overlay-color":"","overlay-opacity":"","overlay-gradient":""}},"footnotes":""},"class_list":["post-14384","page","type-page","status-publish","hentry"],"yoast_head":"<!-- This site is optimized with the Yoast SEO plugin v27.2 - https:\/\/yoast.com\/product\/yoast-seo-wordpress\/ -->\n<title>CRL-test Commfides Norge AS<\/title>\n<meta name=\"robots\" content=\"index, follow, max-snippet:-1, max-image-preview:large, max-video-preview:-1\" \/>\n<link rel=\"canonical\" href=\"https:\/\/www.commfides.com\/sv\/crltest\/\" \/>\n<meta property=\"og:locale\" content=\"sv_SE\" \/>\n<meta property=\"og:type\" content=\"article\" \/>\n<meta property=\"og:title\" content=\"CRL-test Commfides Norge AS\" \/>\n<meta property=\"og:description\" content=\"Test &#8211; CRL \/ \u00e5terkallningslistor och certifikat \u00c5terkallningslistorna uppdateras varje timme och \u00e4r giltiga i 6 dagar. G2 Test &#8211; CRL \/ \u00c5terkallelselistor: CPN Enterprise-Norwegian SHA256 CA CPN Person-H\u00f6g SHA256 CA CPN Person-standard SHA256 CA CPN \u00d6vrigt SHA256 CA CPN Mobil SHA256 CA CPN rot SHA256 CA G2 Test &#8211; Certifikat: CPN Enterprise-Norwegian SHA256 CA [&hellip;]\" \/>\n<meta property=\"og:url\" content=\"https:\/\/www.commfides.com\/sv\/crltest\/\" \/>\n<meta property=\"og:site_name\" content=\"Commfides Norge AS\" \/>\n<meta property=\"article:modified_time\" content=\"2026-03-05T10:45:56+00:00\" \/>\n<meta property=\"og:image\" content=\"https:\/\/www.commfides.com\/wp-content\/uploads\/2023\/05\/Commfides_logo_white-_background_1200x627.png\" \/>\n\t<meta property=\"og:image:width\" content=\"1200\" \/>\n\t<meta property=\"og:image:height\" content=\"627\" \/>\n\t<meta property=\"og:image:type\" content=\"image\/png\" \/>\n<meta name=\"twitter:card\" content=\"summary_large_image\" \/>\n<meta name=\"twitter:label1\" content=\"Ber\u00e4knad l\u00e4stid\" \/>\n\t<meta name=\"twitter:data1\" content=\"1 minut\" \/>\n<script type=\"application\/ld+json\" class=\"yoast-schema-graph\">{\"@context\":\"https:\/\/schema.org\",\"@graph\":[{\"@type\":\"WebPage\",\"@id\":\"https:\/\/www.commfides.com\/sv\/crltest\/\",\"url\":\"https:\/\/www.commfides.com\/sv\/crltest\/\",\"name\":\"CRL-test Commfides Norge AS\",\"isPartOf\":{\"@id\":\"https:\/\/www.commfides.com\/sv\/#website\"},\"datePublished\":\"2023-05-10T11:00:44+00:00\",\"dateModified\":\"2026-03-05T10:45:56+00:00\",\"breadcrumb\":{\"@id\":\"https:\/\/www.commfides.com\/sv\/crltest\/#breadcrumb\"},\"inLanguage\":\"sv-SE\",\"potentialAction\":[{\"@type\":\"ReadAction\",\"target\":[\"https:\/\/www.commfides.com\/sv\/crltest\/\"]}]},{\"@type\":\"BreadcrumbList\",\"@id\":\"https:\/\/www.commfides.com\/sv\/crltest\/#breadcrumb\",\"itemListElement\":[{\"@type\":\"ListItem\",\"position\":1,\"name\":\"Home\",\"item\":\"https:\/\/www.commfides.com\/sv\/\"},{\"@type\":\"ListItem\",\"position\":2,\"name\":\"CRL-test\"}]},{\"@type\":\"WebSite\",\"@id\":\"https:\/\/www.commfides.com\/sv\/#website\",\"url\":\"https:\/\/www.commfides.com\/sv\/\",\"name\":\"Commfides Norge AS\",\"description\":\"\",\"publisher\":{\"@id\":\"https:\/\/www.commfides.com\/sv\/#organization\"},\"potentialAction\":[{\"@type\":\"SearchAction\",\"target\":{\"@type\":\"EntryPoint\",\"urlTemplate\":\"https:\/\/www.commfides.com\/sv\/?s={search_term_string}\"},\"query-input\":{\"@type\":\"PropertyValueSpecification\",\"valueRequired\":true,\"valueName\":\"search_term_string\"}}],\"inLanguage\":\"sv-SE\"},{\"@type\":\"Organization\",\"@id\":\"https:\/\/www.commfides.com\/sv\/#organization\",\"name\":\"Commfides Norge AS\",\"url\":\"https:\/\/www.commfides.com\/sv\/\",\"logo\":{\"@type\":\"ImageObject\",\"inLanguage\":\"sv-SE\",\"@id\":\"https:\/\/www.commfides.com\/sv\/#\/schema\/logo\/image\/\",\"url\":\"https:\/\/www.commfides.com\/wp-content\/uploads\/2023\/05\/Commfides_logo_white-_background_1200x627.png\",\"contentUrl\":\"https:\/\/www.commfides.com\/wp-content\/uploads\/2023\/05\/Commfides_logo_white-_background_1200x627.png\",\"width\":1200,\"height\":627,\"caption\":\"Commfides Norge AS\"},\"image\":{\"@id\":\"https:\/\/www.commfides.com\/sv\/#\/schema\/logo\/image\/\"}}]}<\/script>\n<!-- \/ Yoast SEO plugin. -->","yoast_head_json":{"title":"CRL-test Commfides Norge AS","robots":{"index":"index","follow":"follow","max-snippet":"max-snippet:-1","max-image-preview":"max-image-preview:large","max-video-preview":"max-video-preview:-1"},"canonical":"https:\/\/www.commfides.com\/sv\/crltest\/","og_locale":"sv_SE","og_type":"article","og_title":"CRL-test Commfides Norge AS","og_description":"Test &#8211; CRL \/ \u00e5terkallningslistor och certifikat \u00c5terkallningslistorna uppdateras varje timme och \u00e4r giltiga i 6 dagar. G2 Test &#8211; CRL \/ \u00c5terkallelselistor: CPN Enterprise-Norwegian SHA256 CA CPN Person-H\u00f6g SHA256 CA CPN Person-standard SHA256 CA CPN \u00d6vrigt SHA256 CA CPN Mobil SHA256 CA CPN rot SHA256 CA G2 Test &#8211; Certifikat: CPN Enterprise-Norwegian SHA256 CA [&hellip;]","og_url":"https:\/\/www.commfides.com\/sv\/crltest\/","og_site_name":"Commfides Norge AS","article_modified_time":"2026-03-05T10:45:56+00:00","og_image":[{"width":1200,"height":627,"url":"https:\/\/www.commfides.com\/wp-content\/uploads\/2023\/05\/Commfides_logo_white-_background_1200x627.png","type":"image\/png"}],"twitter_card":"summary_large_image","twitter_misc":{"Ber\u00e4knad l\u00e4stid":"1 minut"},"schema":{"@context":"https:\/\/schema.org","@graph":[{"@type":"WebPage","@id":"https:\/\/www.commfides.com\/sv\/crltest\/","url":"https:\/\/www.commfides.com\/sv\/crltest\/","name":"CRL-test Commfides Norge AS","isPartOf":{"@id":"https:\/\/www.commfides.com\/sv\/#website"},"datePublished":"2023-05-10T11:00:44+00:00","dateModified":"2026-03-05T10:45:56+00:00","breadcrumb":{"@id":"https:\/\/www.commfides.com\/sv\/crltest\/#breadcrumb"},"inLanguage":"sv-SE","potentialAction":[{"@type":"ReadAction","target":["https:\/\/www.commfides.com\/sv\/crltest\/"]}]},{"@type":"BreadcrumbList","@id":"https:\/\/www.commfides.com\/sv\/crltest\/#breadcrumb","itemListElement":[{"@type":"ListItem","position":1,"name":"Home","item":"https:\/\/www.commfides.com\/sv\/"},{"@type":"ListItem","position":2,"name":"CRL-test"}]},{"@type":"WebSite","@id":"https:\/\/www.commfides.com\/sv\/#website","url":"https:\/\/www.commfides.com\/sv\/","name":"Commfides Norge AS","description":"","publisher":{"@id":"https:\/\/www.commfides.com\/sv\/#organization"},"potentialAction":[{"@type":"SearchAction","target":{"@type":"EntryPoint","urlTemplate":"https:\/\/www.commfides.com\/sv\/?s={search_term_string}"},"query-input":{"@type":"PropertyValueSpecification","valueRequired":true,"valueName":"search_term_string"}}],"inLanguage":"sv-SE"},{"@type":"Organization","@id":"https:\/\/www.commfides.com\/sv\/#organization","name":"Commfides Norge AS","url":"https:\/\/www.commfides.com\/sv\/","logo":{"@type":"ImageObject","inLanguage":"sv-SE","@id":"https:\/\/www.commfides.com\/sv\/#\/schema\/logo\/image\/","url":"https:\/\/www.commfides.com\/wp-content\/uploads\/2023\/05\/Commfides_logo_white-_background_1200x627.png","contentUrl":"https:\/\/www.commfides.com\/wp-content\/uploads\/2023\/05\/Commfides_logo_white-_background_1200x627.png","width":1200,"height":627,"caption":"Commfides Norge AS"},"image":{"@id":"https:\/\/www.commfides.com\/sv\/#\/schema\/logo\/image\/"}}]}},"_links":{"self":[{"href":"https:\/\/www.commfides.com\/sv\/wp-json\/wp\/v2\/pages\/14384","targetHints":{"allow":["GET"]}}],"collection":[{"href":"https:\/\/www.commfides.com\/sv\/wp-json\/wp\/v2\/pages"}],"about":[{"href":"https:\/\/www.commfides.com\/sv\/wp-json\/wp\/v2\/types\/page"}],"author":[{"embeddable":true,"href":"https:\/\/www.commfides.com\/sv\/wp-json\/wp\/v2\/users\/2"}],"replies":[{"embeddable":true,"href":"https:\/\/www.commfides.com\/sv\/wp-json\/wp\/v2\/comments?post=14384"}],"version-history":[{"count":2,"href":"https:\/\/www.commfides.com\/sv\/wp-json\/wp\/v2\/pages\/14384\/revisions"}],"predecessor-version":[{"id":14387,"href":"https:\/\/www.commfides.com\/sv\/wp-json\/wp\/v2\/pages\/14384\/revisions\/14387"}],"wp:attachment":[{"href":"https:\/\/www.commfides.com\/sv\/wp-json\/wp\/v2\/media?parent=14384"}],"curies":[{"name":"wp","href":"https:\/\/api.w.org\/{rel}","templated":true}]}}